{"id":2,"date":"2020-09-23T18:10:15","date_gmt":"2020-09-23T16:10:15","guid":{"rendered":"http:\/\/www.dumpodvysehradem.cz\/?page_id=2"},"modified":"2022-04-26T19:11:49","modified_gmt":"2022-04-26T17:11:49","slug":"zkusebni-stranka","status":"publish","type":"page","link":"https:\/\/www.dumpodvysehradem.cz\/ru\/","title":{"rendered":"(\u010ce\u0161tina) \u00davod"},"content":{"rendered":"","protected":false},"excerpt":{"rendered":"","protected":false},"author":1,"featured_media":682,"parent":0,"menu_order":0,"comment_status":"closed","ping_status":"open","template":"index.php","meta":[],"_links":{"self":[{"href":"https:\/\/www.dumpodvysehradem.cz\/ru\/wp-json\/wp\/v2\/pages\/2"}],"collection":[{"href":"https:\/\/www.dumpodvysehradem.cz\/ru\/wp-json\/wp\/v2\/pages"}],"about":[{"href":"https:\/\/www.dumpodvysehradem.cz\/ru\/wp-json\/wp\/v2\/types\/page"}],"author":[{"embeddable":true,"href":"https:\/\/www.dumpodvysehradem.cz\/ru\/wp-json\/wp\/v2\/users\/1"}],"replies":[{"embeddable":true,"href":"https:\/\/www.dumpodvysehradem.cz\/ru\/wp-json\/wp\/v2\/comments?post=2"}],"version-history":[{"count":2,"href":"https:\/\/www.dumpodvysehradem.cz\/ru\/wp-json\/wp\/v2\/pages\/2\/revisions"}],"predecessor-version":[{"id":133,"href":"https:\/\/www.dumpodvysehradem.cz\/ru\/wp-json\/wp\/v2\/pages\/2\/revisions\/133"}],"wp:featuredmedia":[{"embeddable":true,"href":"https:\/\/www.dumpodvysehradem.cz\/ru\/wp-json\/wp\/v2\/media\/682"}],"wp:attachment":[{"href":"https:\/\/www.dumpodvysehradem.cz\/ru\/wp-json\/wp\/v2\/media?parent=2"}],"curies":[{"name":"wp","href":"https:\/\/api.w.org\/{rel}","templated":true}]}}