{"id":131,"date":"2020-09-24T19:29:34","date_gmt":"2020-09-24T17:29:34","guid":{"rendered":"http:\/\/www.dumpodvysehradem.cz\/?page_id=131"},"modified":"2025-03-26T09:38:27","modified_gmt":"2025-03-26T08:38:27","slug":"nabidka-bytu","status":"publish","type":"page","link":"https:\/\/www.dumpodvysehradem.cz\/ru\/nabidka-bytu\/","title":{"rendered":"(\u010ce\u0161tina) Nab\u00eddka byt\u016f"},"content":{"rendered":"<p class=\"qtranxs-available-languages-message qtranxs-available-languages-message-ru\">\u0418\u0437\u0432\u0438\u043d\u0438\u0442\u0435, \u044d\u0442\u043e\u0442 \u0442\u0435\u043a\u0441\u0442 \u0434\u043e\u0441\u0442\u0443\u043f\u0435\u043d \u0442\u043e\u043b\u044c\u043a\u043e \u043d\u0430 &ldquo;<a href=\"https:\/\/www.dumpodvysehradem.cz\/cs\/wp-json\/wp\/v2\/pages\/131\" class=\"qtranxs-available-language-link qtranxs-available-language-link-cs\" title=\"\u010ce\u0161tina\">\u0427\u0435\u0448\u0441\u043a\u0438\u0439<\/a>&rdquo; \u0438 &ldquo;<a href=\"https:\/\/www.dumpodvysehradem.cz\/en\/wp-json\/wp\/v2\/pages\/131\" class=\"qtranxs-available-language-link qtranxs-available-language-link-en\" title=\"English\">\u0410\u043c\u0435\u0440\u0438\u043a\u0430\u043d\u0441\u043a\u0438\u0439 \u0410\u043d\u0433\u043b\u0438\u0439\u0441\u043a\u0438\u0439<\/a>&rdquo;.<\/p>","protected":false},"excerpt":{"rendered":"<p>\u0418\u0437\u0432\u0438\u043d\u0438\u0442\u0435, \u044d\u0442\u043e\u0442 \u0442\u0435\u043a\u0441\u0442 \u0434\u043e\u0441\u0442\u0443\u043f\u0435\u043d \u0442\u043e\u043b\u044c\u043a\u043e \u043d\u0430 &ldquo;\u0427\u0435\u0448\u0441\u043a\u0438\u0439&rdquo; \u0438 &ldquo;\u0410\u043c\u0435\u0440\u0438\u043a\u0430\u043d\u0441\u043a\u0438\u0439 \u0410\u043d\u0433\u043b\u0438\u0439\u0441\u043a\u0438\u0439&rdquo;.<\/p>\n","protected":false},"author":1,"featured_media":343,"parent":0,"menu_order":0,"comment_status":"closed","ping_status":"closed","template":"nabidka-bytu_.php","meta":[],"_links":{"self":[{"href":"https:\/\/www.dumpodvysehradem.cz\/ru\/wp-json\/wp\/v2\/pages\/131"}],"collection":[{"href":"https:\/\/www.dumpodvysehradem.cz\/ru\/wp-json\/wp\/v2\/pages"}],"about":[{"href":"https:\/\/www.dumpodvysehradem.cz\/ru\/wp-json\/wp\/v2\/types\/page"}],"author":[{"embeddable":true,"href":"https:\/\/www.dumpodvysehradem.cz\/ru\/wp-json\/wp\/v2\/users\/1"}],"replies":[{"embeddable":true,"href":"https:\/\/www.dumpodvysehradem.cz\/ru\/wp-json\/wp\/v2\/comments?post=131"}],"version-history":[{"count":20,"href":"https:\/\/www.dumpodvysehradem.cz\/ru\/wp-json\/wp\/v2\/pages\/131\/revisions"}],"predecessor-version":[{"id":894,"href":"https:\/\/www.dumpodvysehradem.cz\/ru\/wp-json\/wp\/v2\/pages\/131\/revisions\/894"}],"wp:featuredmedia":[{"embeddable":true,"href":"https:\/\/www.dumpodvysehradem.cz\/ru\/wp-json\/wp\/v2\/media\/343"}],"wp:attachment":[{"href":"https:\/\/www.dumpodvysehradem.cz\/ru\/wp-json\/wp\/v2\/media?parent=131"}],"curies":[{"name":"wp","href":"https:\/\/api.w.org\/{rel}","templated":true}]}}