{"id":127,"date":"2020-09-24T19:28:05","date_gmt":"2020-09-24T17:28:05","guid":{"rendered":"http:\/\/www.dumpodvysehradem.cz\/?page_id=127"},"modified":"2020-10-29T19:52:36","modified_gmt":"2020-10-29T18:52:36","slug":"kontakt","status":"publish","type":"page","link":"https:\/\/www.dumpodvysehradem.cz\/ru\/kontakt\/","title":{"rendered":"(\u010ce\u0161tina) Kontakt"},"content":{"rendered":"<p>Spole\u010dnost BVK s.r.o., je podle obchodn\u00edho rejst\u0159\u00edku vedena pod spisovou zna\u010dkou C 48571\/MSPH u M\u011bstsk\u00e9ho soudu v Praze,\u00a0I\u010c 25088157, DI\u010c CZ25088157<\/p>\n","protected":false},"excerpt":{"rendered":"<p>Spole\u010dnost BVK s.r.o., je podle obchodn\u00edho rejst\u0159\u00edku vedena pod spisovou zna\u010dkou C 48571\/MSPH u M\u011bstsk\u00e9ho soudu v Praze,\u00a0I\u010c 25088157, DI\u010c CZ25088157<\/p>\n","protected":false},"author":1,"featured_media":347,"parent":0,"menu_order":0,"comment_status":"closed","ping_status":"closed","template":"kontakt.php","meta":[],"_links":{"self":[{"href":"https:\/\/www.dumpodvysehradem.cz\/ru\/wp-json\/wp\/v2\/pages\/127"}],"collection":[{"href":"https:\/\/www.dumpodvysehradem.cz\/ru\/wp-json\/wp\/v2\/pages"}],"about":[{"href":"https:\/\/www.dumpodvysehradem.cz\/ru\/wp-json\/wp\/v2\/types\/page"}],"author":[{"embeddable":true,"href":"https:\/\/www.dumpodvysehradem.cz\/ru\/wp-json\/wp\/v2\/users\/1"}],"replies":[{"embeddable":true,"href":"https:\/\/www.dumpodvysehradem.cz\/ru\/wp-json\/wp\/v2\/comments?post=127"}],"version-history":[{"count":4,"href":"https:\/\/www.dumpodvysehradem.cz\/ru\/wp-json\/wp\/v2\/pages\/127\/revisions"}],"predecessor-version":[{"id":226,"href":"https:\/\/www.dumpodvysehradem.cz\/ru\/wp-json\/wp\/v2\/pages\/127\/revisions\/226"}],"wp:featuredmedia":[{"embeddable":true,"href":"https:\/\/www.dumpodvysehradem.cz\/ru\/wp-json\/wp\/v2\/media\/347"}],"wp:attachment":[{"href":"https:\/\/www.dumpodvysehradem.cz\/ru\/wp-json\/wp\/v2\/media?parent=127"}],"curies":[{"name":"wp","href":"https:\/\/api.w.org\/{rel}","templated":true}]}}