{"id":123,"date":"2020-09-24T19:27:11","date_gmt":"2020-09-24T17:27:11","guid":{"rendered":"http:\/\/www.dumpodvysehradem.cz\/?page_id=123"},"modified":"2021-04-27T09:32:42","modified_gmt":"2021-04-27T07:32:42","slug":"fotogalerie","status":"publish","type":"page","link":"https:\/\/www.dumpodvysehradem.cz\/en\/fotogalerie\/","title":{"rendered":"Gallery"},"content":{"rendered":"<p><div id=\"attachment_357\" style=\"width: 273px\" class=\"wp-caption alignnone\"><img aria-describedby=\"caption-attachment-357\" loading=\"lazy\" src=\"https:\/\/www.dumpodvysehradem.cz\/wp-content\/uploads\/IMG_9339-263x350.jpg\" alt=\"\" width=\"263\" height=\"350\" class=\"size-medium wp-image-357\" \/><p id=\"caption-attachment-357\" class=\"wp-caption-text\">\u010cervenec 2020<br \/>Piloty vyvrt\u00e1ny . Za\u010d\u00edn\u00e1me hloubit j\u00e1mu.<\/p><\/div><br \/>\n<div id=\"attachment_361\" style=\"width: 273px\" class=\"wp-caption alignnone\"><img aria-describedby=\"caption-attachment-361\" loading=\"lazy\" src=\"https:\/\/www.dumpodvysehradem.cz\/wp-content\/uploads\/IMG_1785-263x350.jpg\" alt=\"\" width=\"263\" height=\"350\" class=\"size-medium wp-image-361\" \/><p id=\"caption-attachment-361\" class=\"wp-caption-text\">Z\u00e1\u0159\u00ed 2020<br \/> Beton\u00e1\u017e 2.podzemn\u00edho podla\u017e\u00ed<\/p><\/div><br \/>\n<div id=\"attachment_363\" style=\"width: 273px\" class=\"wp-caption alignnone\"><img aria-describedby=\"caption-attachment-363\" loading=\"lazy\" src=\"https:\/\/www.dumpodvysehradem.cz\/wp-content\/uploads\/IMG_1780-263x350.jpg\" alt=\"\" width=\"263\" height=\"350\" class=\"size-medium wp-image-363\" \/><p id=\"caption-attachment-363\" class=\"wp-caption-text\">\u0158\u00edjen 2020<br \/><\/p><\/div><\/p>","protected":false},"excerpt":{"rendered":"","protected":false},"author":1,"featured_media":511,"parent":0,"menu_order":0,"comment_status":"closed","ping_status":"closed","template":"fotogalerie.php","meta":[],"_links":{"self":[{"href":"https:\/\/www.dumpodvysehradem.cz\/en\/wp-json\/wp\/v2\/pages\/123"}],"collection":[{"href":"https:\/\/www.dumpodvysehradem.cz\/en\/wp-json\/wp\/v2\/pages"}],"about":[{"href":"https:\/\/www.dumpodvysehradem.cz\/en\/wp-json\/wp\/v2\/types\/page"}],"author":[{"embeddable":true,"href":"https:\/\/www.dumpodvysehradem.cz\/en\/wp-json\/wp\/v2\/users\/1"}],"replies":[{"embeddable":true,"href":"https:\/\/www.dumpodvysehradem.cz\/en\/wp-json\/wp\/v2\/comments?post=123"}],"version-history":[{"count":16,"href":"https:\/\/www.dumpodvysehradem.cz\/en\/wp-json\/wp\/v2\/pages\/123\/revisions"}],"predecessor-version":[{"id":381,"href":"https:\/\/www.dumpodvysehradem.cz\/en\/wp-json\/wp\/v2\/pages\/123\/revisions\/381"}],"wp:featuredmedia":[{"embeddable":true,"href":"https:\/\/www.dumpodvysehradem.cz\/en\/wp-json\/wp\/v2\/media\/511"}],"wp:attachment":[{"href":"https:\/\/www.dumpodvysehradem.cz\/en\/wp-json\/wp\/v2\/media?parent=123"}],"curies":[{"name":"wp","href":"https:\/\/api.w.org\/{rel}","templated":true}]}}